{"id":776,"date":"2025-03-30T18:03:57","date_gmt":"2025-03-30T18:03:57","guid":{"rendered":"https:\/\/hotelpetrasanta.com\/?page_id=776"},"modified":"2025-10-02T20:08:07","modified_gmt":"2025-10-03T01:08:07","slug":"salon-de-eventos-los-lagos","status":"publish","type":"page","link":"https:\/\/hotelpetrasanta.com\/en\/salon-de-eventos-los-lagos\/","title":{"rendered":"Event hall &#034;The Lakes&#034;"},"content":{"rendered":"<div data-elementor-type=\"wp-page\" data-elementor-id=\"776\" class=\"elementor elementor-776\" data-elementor-post-type=\"page\">\n\t\t\t\t<div class=\"elementor-element elementor-element-282a1ac2 e-flex e-con-boxed e-con e-parent\" data-id=\"282a1ac2\" data-element_type=\"container\" data-e-type=\"container\" data-settings=\"{&quot;background_background&quot;:&quot;classic&quot;}\">\n\t\t\t\t\t<div class=\"e-con-inner\">\n\t\t<div class=\"elementor-element elementor-element-29551a0c e-con-full e-flex elementor-invisible e-con e-child\" data-id=\"29551a0c\" data-element_type=\"container\" data-e-type=\"container\" data-settings=\"{&quot;animation&quot;:&quot;fadeIn&quot;}\">\n\t\t\t\t<div class=\"elementor-element elementor-element-66a2c616 elementor-widget elementor-widget-heading\" data-id=\"66a2c616\" data-element_type=\"widget\" data-e-type=\"widget\" data-widget_type=\"heading.default\">\n\t\t\t\t\t<h1 class=\"elementor-heading-title elementor-size-default\">Event hall &#034;The Lakes&#034;<\/h1>\t\t\t\t<\/div>\n\t\t<div class=\"elementor-element elementor-element-77b2f003 e-con-full e-flex e-con e-child\" data-id=\"77b2f003\" data-element_type=\"container\" data-e-type=\"container\">\n\t\t<div class=\"elementor-element elementor-element-7a93432e e-con-full e-flex e-con e-child\" data-id=\"7a93432e\" data-element_type=\"container\" data-e-type=\"container\">\n\t\t\t\t<div class=\"elementor-element elementor-element-5ac222dc elementor-widget elementor-widget-button\" data-id=\"5ac222dc\" data-element_type=\"widget\" data-e-type=\"widget\" data-widget_type=\"button.default\">\n\t\t\t\t\t\t\t\t\t\t<a class=\"elementor-button elementor-button-link elementor-size-sm\" href=\"https:\/\/wa.me\/573104969072?text=Hola%2C%20quiero%20reservar%20el%20sal%C3%B3n%20de%20eventos.\">\n\t\t\t\t\t\t<span class=\"elementor-button-content-wrapper\">\n\t\t\t\t\t\t\t\t\t<span class=\"elementor-button-text\">Book lounge events<\/span>\n\t\t\t\t\t<\/span>\n\t\t\t\t\t<\/a>\n\t\t\t\t\t\t\t\t<\/div>\n\t\t\t\t<\/div>\n\t\t\t\t<\/div>\n\t\t\t\t<\/div>\n\t\t\t\t\t<\/div>\n\t\t\t\t<\/div>\n\t\t<div class=\"elementor-element elementor-element-19bbe30 e-flex e-con-boxed e-con e-parent\" data-id=\"19bbe30\" data-element_type=\"container\" data-e-type=\"container\" data-settings=\"{&quot;background_background&quot;:&quot;classic&quot;}\">\n\t\t\t\t\t<div class=\"e-con-inner\">\n\t\t<div class=\"elementor-element elementor-element-e57aa72 e-flex e-con-boxed e-con e-child\" data-id=\"e57aa72\" data-element_type=\"container\" data-e-type=\"container\">\n\t\t\t\t\t<div class=\"e-con-inner\">\n\t\t<div class=\"elementor-element elementor-element-3824dd8 e-con-full e-flex e-con e-child\" data-id=\"3824dd8\" data-element_type=\"container\" data-e-type=\"container\">\n\t\t\t\t<div class=\"elementor-element elementor-element-94f34e9 elementor-widget elementor-widget-heading\" data-id=\"94f34e9\" data-element_type=\"widget\" data-e-type=\"widget\" data-widget_type=\"heading.default\">\n\t\t\t\t\t<h2 class=\"elementor-heading-title elementor-size-default\">Photo gallery<\/h2>\t\t\t\t<\/div>\n\t\t\t\t<div class=\"elementor-element elementor-element-928353e elementor-widget-divider--view-line elementor-widget elementor-widget-divider\" data-id=\"928353e\" data-element_type=\"widget\" data-e-type=\"widget\" data-widget_type=\"divider.default\">\n\t\t\t\t\t\t\t<div class=\"elementor-divider\">\n\t\t\t<span class=\"elementor-divider-separator\">\n\t\t\t\t\t\t<\/span>\n\t\t<\/div>\n\t\t\t\t\t\t<\/div>\n\t\t\t\t<\/div>\n\t\t\t\t\t<\/div>\n\t\t\t\t<\/div>\n\t\t<div class=\"elementor-element elementor-element-ff093fb e-con-full e-flex e-con e-child\" data-id=\"ff093fb\" data-element_type=\"container\" data-e-type=\"container\">\n\t\t\t\t<div class=\"elementor-element elementor-element-84bfe80 elementor-arrows-position-inside elementor-widget elementor-widget-image-carousel\" data-id=\"84bfe80\" data-element_type=\"widget\" data-e-type=\"widget\" data-settings=\"{&quot;slides_to_show&quot;:&quot;1&quot;,&quot;lazyload&quot;:&quot;yes&quot;,&quot;navigation&quot;:&quot;arrows&quot;,&quot;autoplay&quot;:&quot;yes&quot;,&quot;pause_on_hover&quot;:&quot;yes&quot;,&quot;pause_on_interaction&quot;:&quot;yes&quot;,&quot;autoplay_speed&quot;:5000,&quot;infinite&quot;:&quot;yes&quot;,&quot;effect&quot;:&quot;slide&quot;,&quot;speed&quot;:500}\" data-widget_type=\"image-carousel.default\">\n\t\t\t\t\t\t\t<div class=\"elementor-image-carousel-wrapper swiper\" role=\"region\" aria-roledescription=\"carousel\" aria-label=\"Carousel of images\" dir=\"ltr\">\n\t\t\t<div class=\"elementor-image-carousel swiper-wrapper swiper-image-stretch\" aria-live=\"off\">\n\t\t\t\t\t\t\t\t<div class=\"swiper-slide\" role=\"group\" aria-roledescription=\"slide\" aria-label=\"1 of 7\"><a data-elementor-open-lightbox=\"yes\" data-elementor-lightbox-slideshow=\"84bfe80\" data-elementor-lightbox-title=\"Sal\u00f3n de eventos &quot;Los Lagos&quot;\" data-e-action-hash=\"#elementor-action%3Aaction%3Dlightbox%26settings%3DeyJpZCI6NjI3LCJ1cmwiOiJodHRwczpcL1wvaG90ZWxwZXRyYXNhbnRhLmNvbVwvd3AtY29udGVudFwvdXBsb2Fkc1wvMjAyNVwvMDNcL1doYXRzQXBwLUltYWdlLTIwMjUtMDMtMjgtYXQtMi4yNS41NS1QTS53ZWJwIiwic2xpZGVzaG93IjoiODRiZmU4MCJ9\" href=\"https:\/\/hotelpetrasanta.com\/wp-content\/uploads\/2025\/03\/WhatsApp-Image-2025-03-28-at-2.25.55-PM.webp\"><figure class=\"swiper-slide-inner\"><img class=\"swiper-slide-image swiper-lazy\" data-src=\"https:\/\/hotelpetrasanta.com\/wp-content\/uploads\/2025\/03\/WhatsApp-Image-2025-03-28-at-2.25.55-PM.webp\" alt=\"Sal\u00f3n de eventos &quot;Los Lagos&quot;\" \/><div class=\"swiper-lazy-preloader\"><\/div><\/figure><\/a><\/div><div class=\"swiper-slide\" role=\"group\" aria-roledescription=\"slide\" aria-label=\"2 of 7\"><a data-elementor-open-lightbox=\"yes\" data-elementor-lightbox-slideshow=\"84bfe80\" data-elementor-lightbox-title=\"Sal\u00f3n de eventos &quot;Los Lagos&quot;\" data-e-action-hash=\"#elementor-action%3Aaction%3Dlightbox%26settings%3DeyJpZCI6NjIyLCJ1cmwiOiJodHRwczpcL1wvaG90ZWxwZXRyYXNhbnRhLmNvbVwvd3AtY29udGVudFwvdXBsb2Fkc1wvMjAyNVwvMDNcL1doYXRzQXBwLUltYWdlLTIwMjUtMDMtMjgtYXQtMi4yOC4xOC1QTS53ZWJwIiwic2xpZGVzaG93IjoiODRiZmU4MCJ9\" href=\"https:\/\/hotelpetrasanta.com\/wp-content\/uploads\/2025\/03\/WhatsApp-Image-2025-03-28-at-2.28.18-PM.webp\"><figure class=\"swiper-slide-inner\"><img class=\"swiper-slide-image swiper-lazy\" data-src=\"https:\/\/hotelpetrasanta.com\/wp-content\/uploads\/2025\/03\/WhatsApp-Image-2025-03-28-at-2.28.18-PM.webp\" alt=\"Sal\u00f3n de eventos &quot;Los Lagos&quot;\" \/><div class=\"swiper-lazy-preloader\"><\/div><\/figure><\/a><\/div><div class=\"swiper-slide\" role=\"group\" aria-roledescription=\"slide\" aria-label=\"3 of 7\"><a data-elementor-open-lightbox=\"yes\" data-elementor-lightbox-slideshow=\"84bfe80\" data-elementor-lightbox-title=\"Sal\u00f3n de eventos &quot;Los Lagos&quot;\" data-e-action-hash=\"#elementor-action%3Aaction%3Dlightbox%26settings%3DeyJpZCI6NjIzLCJ1cmwiOiJodHRwczpcL1wvaG90ZWxwZXRyYXNhbnRhLmNvbVwvd3AtY29udGVudFwvdXBsb2Fkc1wvMjAyNVwvMDNcL1doYXRzQXBwLUltYWdlLTIwMjUtMDMtMjgtYXQtMi4yNy4zNi1QTS53ZWJwIiwic2xpZGVzaG93IjoiODRiZmU4MCJ9\" href=\"https:\/\/hotelpetrasanta.com\/wp-content\/uploads\/2025\/03\/WhatsApp-Image-2025-03-28-at-2.27.36-PM.webp\"><figure class=\"swiper-slide-inner\"><img class=\"swiper-slide-image swiper-lazy\" data-src=\"https:\/\/hotelpetrasanta.com\/wp-content\/uploads\/2025\/03\/WhatsApp-Image-2025-03-28-at-2.27.36-PM.webp\" alt=\"Sal\u00f3n de eventos &quot;Los Lagos&quot;\" \/><div class=\"swiper-lazy-preloader\"><\/div><\/figure><\/a><\/div><div class=\"swiper-slide\" role=\"group\" aria-roledescription=\"slide\" aria-label=\"4 of 7\"><a data-elementor-open-lightbox=\"yes\" data-elementor-lightbox-slideshow=\"84bfe80\" data-elementor-lightbox-title=\"Sal\u00f3n de eventos &quot;Los Lagos&quot;\" data-e-action-hash=\"#elementor-action%3Aaction%3Dlightbox%26settings%3DeyJpZCI6NjI4LCJ1cmwiOiJodHRwczpcL1wvaG90ZWxwZXRyYXNhbnRhLmNvbVwvd3AtY29udGVudFwvdXBsb2Fkc1wvMjAyNVwvMDNcL1doYXRzQXBwLUltYWdlLTIwMjUtMDMtMjgtYXQtMi4yNS40MC1QTS53ZWJwIiwic2xpZGVzaG93IjoiODRiZmU4MCJ9\" href=\"https:\/\/hotelpetrasanta.com\/wp-content\/uploads\/2025\/03\/WhatsApp-Image-2025-03-28-at-2.25.40-PM.webp\"><figure class=\"swiper-slide-inner\"><img class=\"swiper-slide-image swiper-lazy\" data-src=\"https:\/\/hotelpetrasanta.com\/wp-content\/uploads\/2025\/03\/WhatsApp-Image-2025-03-28-at-2.25.40-PM.webp\" alt=\"Sal\u00f3n de eventos &quot;Los Lagos&quot;\" \/><div class=\"swiper-lazy-preloader\"><\/div><\/figure><\/a><\/div><div class=\"swiper-slide\" role=\"group\" aria-roledescription=\"slide\" aria-label=\"5 of 7\"><a data-elementor-open-lightbox=\"yes\" data-elementor-lightbox-slideshow=\"84bfe80\" data-elementor-lightbox-title=\"Sal\u00f3n de eventos &quot;Los Lagos&quot;\" data-e-action-hash=\"#elementor-action%3Aaction%3Dlightbox%26settings%3DeyJpZCI6NjI0LCJ1cmwiOiJodHRwczpcL1wvaG90ZWxwZXRyYXNhbnRhLmNvbVwvd3AtY29udGVudFwvdXBsb2Fkc1wvMjAyNVwvMDNcL1doYXRzQXBwLUltYWdlLTIwMjUtMDMtMjgtYXQtMi4yNy4yMC1QTS53ZWJwIiwic2xpZGVzaG93IjoiODRiZmU4MCJ9\" href=\"https:\/\/hotelpetrasanta.com\/wp-content\/uploads\/2025\/03\/WhatsApp-Image-2025-03-28-at-2.27.20-PM.webp\"><figure class=\"swiper-slide-inner\"><img class=\"swiper-slide-image swiper-lazy\" data-src=\"https:\/\/hotelpetrasanta.com\/wp-content\/uploads\/2025\/03\/WhatsApp-Image-2025-03-28-at-2.27.20-PM.webp\" alt=\"Sal\u00f3n de eventos &quot;Los Lagos&quot;\" \/><div class=\"swiper-lazy-preloader\"><\/div><\/figure><\/a><\/div><div class=\"swiper-slide\" role=\"group\" aria-roledescription=\"slide\" aria-label=\"6 of 7\"><a data-elementor-open-lightbox=\"yes\" data-elementor-lightbox-slideshow=\"84bfe80\" data-elementor-lightbox-title=\"Cocina sal\u00f3n de eventos &quot;Los Lagos&quot;\" data-e-action-hash=\"#elementor-action%3Aaction%3Dlightbox%26settings%3DeyJpZCI6NjIwLCJ1cmwiOiJodHRwczpcL1wvaG90ZWxwZXRyYXNhbnRhLmNvbVwvd3AtY29udGVudFwvdXBsb2Fkc1wvMjAyNVwvMDNcL1doYXRzQXBwLUltYWdlLTIwMjUtMDMtMjgtYXQtMi4yOS4zNy1QTS53ZWJwIiwic2xpZGVzaG93IjoiODRiZmU4MCJ9\" href=\"https:\/\/hotelpetrasanta.com\/wp-content\/uploads\/2025\/03\/WhatsApp-Image-2025-03-28-at-2.29.37-PM.webp\"><figure class=\"swiper-slide-inner\"><img class=\"swiper-slide-image swiper-lazy\" data-src=\"https:\/\/hotelpetrasanta.com\/wp-content\/uploads\/2025\/03\/WhatsApp-Image-2025-03-28-at-2.29.37-PM.webp\" alt=\"Cocina sal\u00f3n de eventos &quot;Los Lagos&quot;\" \/><div class=\"swiper-lazy-preloader\"><\/div><\/figure><\/a><\/div><div class=\"swiper-slide\" role=\"group\" aria-roledescription=\"slide\" aria-label=\"7 of 7\"><a data-elementor-open-lightbox=\"yes\" data-elementor-lightbox-slideshow=\"84bfe80\" data-elementor-lightbox-title=\"Lago Petra Santa\" data-e-action-hash=\"#elementor-action%3Aaction%3Dlightbox%26settings%3DeyJpZCI6NjI5LCJ1cmwiOiJodHRwczpcL1wvaG90ZWxwZXRyYXNhbnRhLmNvbVwvd3AtY29udGVudFwvdXBsb2Fkc1wvMjAyNVwvMDNcL1doYXRzQXBwLUltYWdlLTIwMjUtMDMtMjgtYXQtMi4zMC4wNi1QTS53ZWJwIiwic2xpZGVzaG93IjoiODRiZmU4MCJ9\" href=\"https:\/\/hotelpetrasanta.com\/wp-content\/uploads\/2025\/03\/WhatsApp-Image-2025-03-28-at-2.30.06-PM.webp\"><figure class=\"swiper-slide-inner\"><img class=\"swiper-slide-image swiper-lazy\" data-src=\"https:\/\/hotelpetrasanta.com\/wp-content\/uploads\/2025\/03\/WhatsApp-Image-2025-03-28-at-2.30.06-PM.webp\" alt=\"Lago Petra Santa\" \/><div class=\"swiper-lazy-preloader\"><\/div><\/figure><\/a><\/div>\t\t\t<\/div>\n\t\t\t\t\t\t\t\t\t\t\t\t<div class=\"elementor-swiper-button elementor-swiper-button-prev\" role=\"button\" tabindex=\"0\">\n\t\t\t\t\t\t<svg aria-hidden=\"true\" class=\"e-font-icon-svg e-eicon-chevron-left\" viewbox=\"0 0 1000 1000\" xmlns=\"http:\/\/www.w3.org\/2000\/svg\"><path d=\"M646 125C629 125 613 133 604 142L308 442C296 454 292 471 292 487 292 504 296 521 308 533L604 854C617 867 629 875 646 875 663 875 679 871 692 858 704 846 713 829 713 812 713 796 708 779 692 767L438 487 692 225C700 217 708 204 708 187 708 171 704 154 692 142 675 129 663 125 646 125Z\"><\/path><\/svg>\t\t\t\t\t<\/div>\n\t\t\t\t\t<div class=\"elementor-swiper-button elementor-swiper-button-next\" role=\"button\" tabindex=\"0\">\n\t\t\t\t\t\t<svg aria-hidden=\"true\" class=\"e-font-icon-svg e-eicon-chevron-right\" viewbox=\"0 0 1000 1000\" xmlns=\"http:\/\/www.w3.org\/2000\/svg\"><path d=\"M696 533C708 521 713 504 713 487 713 471 708 454 696 446L400 146C388 133 375 125 354 125 338 125 325 129 313 142 300 154 292 171 292 187 292 204 296 221 308 233L563 492 304 771C292 783 288 800 288 817 288 833 296 850 308 863 321 871 338 875 354 875 371 875 388 867 400 854L696 533Z\"><\/path><\/svg>\t\t\t\t\t<\/div>\n\t\t\t\t\n\t\t\t\t\t\t\t\t\t<\/div>\n\t\t\t\t\t\t<\/div>\n\t\t\t\t<\/div>\n\t\t\t\t\t<\/div>\n\t\t\t\t<\/div>\n\t\t<div class=\"elementor-element elementor-element-5ec2561e e-flex e-con-boxed e-con e-parent\" data-id=\"5ec2561e\" data-element_type=\"container\" data-e-type=\"container\">\n\t\t\t\t\t<div class=\"e-con-inner\">\n\t\t<div class=\"elementor-element elementor-element-17b29c2e e-con-full e-flex e-con e-child\" data-id=\"17b29c2e\" data-element_type=\"container\" data-e-type=\"container\" data-settings=\"{&quot;background_background&quot;:&quot;classic&quot;}\">\n\t\t<div class=\"elementor-element elementor-element-6d69da14 e-con-full e-flex elementor-invisible e-con e-child\" data-id=\"6d69da14\" data-element_type=\"container\" data-e-type=\"container\" data-settings=\"{&quot;animation&quot;:&quot;fadeInLeft&quot;}\">\n\t\t\t\t<\/div>\n\t\t<div class=\"elementor-element elementor-element-143386a3 e-con-full e-flex elementor-invisible e-con e-child\" data-id=\"143386a3\" data-element_type=\"container\" data-e-type=\"container\" data-settings=\"{&quot;background_background&quot;:&quot;classic&quot;,&quot;animation&quot;:&quot;fadeInRight&quot;}\">\n\t\t\t\t<div class=\"elementor-element elementor-element-262af928 elementor-widget elementor-widget-heading\" data-id=\"262af928\" data-element_type=\"widget\" data-e-type=\"widget\" data-widget_type=\"heading.default\">\n\t\t\t\t\t<h3 class=\"elementor-heading-title elementor-size-default\">Elegance and Nature to your Event<\/h3>\t\t\t\t<\/div>\n\t\t\t\t<div class=\"elementor-element elementor-element-d95b0ad elementor-widget elementor-widget-text-editor\" data-id=\"d95b0ad\" data-element_type=\"widget\" data-e-type=\"widget\" data-widget_type=\"text-editor.default\">\n\t\t\t\t\t\t\t\t\t<p>Celebrate your special moments in <strong>The Lakes<\/strong>, a ballroom, exclusive, surrounded by nature and with a sophisticated atmosphere. Perfect for weddings, corporate meetings and celebrations memorable, we offer a versatile space, personal attention, and all the necessary services to make your event a success.<\/p>\t\t\t\t\t\t\t\t<\/div>\n\t\t\t\t<\/div>\n\t\t\t\t<\/div>\n\t\t\t\t\t<\/div>\n\t\t\t\t<\/div>\n\t\t\t\t<\/div>","protected":false},"excerpt":{"rendered":"<p>Reservar sal\u00f3n de eventos Galer\u00eda de fotos Elegancia y Naturaleza para tu Evento Celebra tus momentos m\u00e1s especiales en Los Lagos, un sal\u00f3n de eventos exclusivo rodeado de naturaleza y con un ambiente sofisticado. Perfecto para bodas, reuniones corporativas y celebraciones inolvidables, ofrecemos un espacio vers\u00e1til, atenci\u00f3n personalizada y todos los servicios necesarios para hacer [&hellip;]<\/p>\n","protected":false},"author":1,"featured_media":1435,"parent":0,"menu_order":0,"comment_status":"closed","ping_status":"closed","template":"elementor_header_footer","meta":{"footnotes":""},"class_list":["post-776","page","type-page","status-publish","has-post-thumbnail","hentry"],"_links":{"self":[{"href":"https:\/\/hotelpetrasanta.com\/en\/wp-json\/wp\/v2\/pages\/776","targetHints":{"allow":["GET"]}}],"collection":[{"href":"https:\/\/hotelpetrasanta.com\/en\/wp-json\/wp\/v2\/pages"}],"about":[{"href":"https:\/\/hotelpetrasanta.com\/en\/wp-json\/wp\/v2\/types\/page"}],"author":[{"embeddable":true,"href":"https:\/\/hotelpetrasanta.com\/en\/wp-json\/wp\/v2\/users\/1"}],"replies":[{"embeddable":true,"href":"https:\/\/hotelpetrasanta.com\/en\/wp-json\/wp\/v2\/comments?post=776"}],"version-history":[{"count":42,"href":"https:\/\/hotelpetrasanta.com\/en\/wp-json\/wp\/v2\/pages\/776\/revisions"}],"predecessor-version":[{"id":3079,"href":"https:\/\/hotelpetrasanta.com\/en\/wp-json\/wp\/v2\/pages\/776\/revisions\/3079"}],"wp:featuredmedia":[{"embeddable":true,"href":"https:\/\/hotelpetrasanta.com\/en\/wp-json\/wp\/v2\/media\/1435"}],"wp:attachment":[{"href":"https:\/\/hotelpetrasanta.com\/en\/wp-json\/wp\/v2\/media?parent=776"}],"curies":[{"name":"wp","href":"https:\/\/api.w.org\/{rel}","templated":true}]}}