{"id":701,"date":"2025-03-30T15:25:04","date_gmt":"2025-03-30T15:25:04","guid":{"rendered":"https:\/\/hotelpetrasanta.com\/?page_id=701"},"modified":"2025-10-02T20:07:01","modified_gmt":"2025-10-03T01:07:01","slug":"restaurante","status":"publish","type":"page","link":"https:\/\/hotelpetrasanta.com\/en\/restaurante\/","title":{"rendered":"Restaurant"},"content":{"rendered":"<div data-elementor-type=\"wp-page\" data-elementor-id=\"701\" class=\"elementor elementor-701\" data-elementor-post-type=\"page\">\n\t\t\t\t<div class=\"elementor-element elementor-element-d2c45e3 e-flex e-con-boxed e-con e-parent\" data-id=\"d2c45e3\" data-element_type=\"container\" data-e-type=\"container\" data-settings=\"{&quot;background_background&quot;:&quot;classic&quot;}\">\n\t\t\t\t\t<div class=\"e-con-inner\">\n\t\t<div class=\"elementor-element elementor-element-d139b8c e-con-full e-flex elementor-invisible e-con e-child\" data-id=\"d139b8c\" data-element_type=\"container\" data-e-type=\"container\" data-settings=\"{&quot;animation&quot;:&quot;fadeIn&quot;}\">\n\t\t\t\t<div class=\"elementor-element elementor-element-fc5ab81 elementor-widget elementor-widget-heading\" data-id=\"fc5ab81\" data-element_type=\"widget\" data-e-type=\"widget\" data-widget_type=\"heading.default\">\n\t\t\t\t\t<h1 class=\"elementor-heading-title elementor-size-default\">Restaurant<\/h1>\t\t\t\t<\/div>\n\t\t<div class=\"elementor-element elementor-element-5c75e1d e-con-full e-flex e-con e-child\" data-id=\"5c75e1d\" data-element_type=\"container\" data-e-type=\"container\">\n\t\t<div class=\"elementor-element elementor-element-c680554 e-con-full e-flex e-con e-child\" data-id=\"c680554\" data-element_type=\"container\" data-e-type=\"container\">\n\t\t\t\t<div class=\"elementor-element elementor-element-2923256 elementor-widget elementor-widget-button\" data-id=\"2923256\" data-element_type=\"widget\" data-e-type=\"widget\" data-widget_type=\"button.default\">\n\t\t\t\t\t\t\t\t\t\t<a class=\"elementor-button elementor-button-link elementor-size-sm\" href=\"#view-the-menu\">\n\t\t\t\t\t\t<span class=\"elementor-button-content-wrapper\">\n\t\t\t\t\t\t\t\t\t<span class=\"elementor-button-text\">See the menu<\/span>\n\t\t\t\t\t<\/span>\n\t\t\t\t\t<\/a>\n\t\t\t\t\t\t\t\t<\/div>\n\t\t\t\t<div class=\"elementor-element elementor-element-86e9dad elementor-widget elementor-widget-button\" data-id=\"86e9dad\" data-element_type=\"widget\" data-e-type=\"widget\" data-widget_type=\"button.default\">\n\t\t\t\t\t\t\t\t\t\t<a class=\"elementor-button elementor-button-link elementor-size-sm\" href=\"https:\/\/wa.me\/573142188618?text=Hola%2C%20quiero%20reservar%20una%20mesa.\">\n\t\t\t\t\t\t<span class=\"elementor-button-content-wrapper\">\n\t\t\t\t\t\t\t\t\t<span class=\"elementor-button-text\">Book a table<\/span>\n\t\t\t\t\t<\/span>\n\t\t\t\t\t<\/a>\n\t\t\t\t\t\t\t\t<\/div>\n\t\t\t\t<\/div>\n\t\t\t\t<\/div>\n\t\t\t\t<\/div>\n\t\t\t\t\t<\/div>\n\t\t\t\t<\/div>\n\t\t<div class=\"elementor-element elementor-element-2c1736e e-flex e-con-boxed e-con e-parent\" data-id=\"2c1736e\" data-element_type=\"container\" data-e-type=\"container\" id=\"view-the-menu\" data-settings=\"{&quot;background_background&quot;:&quot;classic&quot;}\">\n\t\t\t\t\t<div class=\"e-con-inner\">\n\t\t<div class=\"elementor-element elementor-element-2879d4f e-flex e-con-boxed e-con e-child\" data-id=\"2879d4f\" data-element_type=\"container\" data-e-type=\"container\">\n\t\t\t\t\t<div class=\"e-con-inner\">\n\t\t<div class=\"elementor-element elementor-element-1052062 e-con-full e-flex e-con e-child\" data-id=\"1052062\" data-element_type=\"container\" data-e-type=\"container\">\n\t\t\t\t<div class=\"elementor-element elementor-element-0b37485 elementor-widget elementor-widget-heading\" data-id=\"0b37485\" data-element_type=\"widget\" data-e-type=\"widget\" data-widget_type=\"heading.default\">\n\t\t\t\t\t<h2 class=\"elementor-heading-title elementor-size-default\">Discover Our Menu<\/h2>\t\t\t\t<\/div>\n\t\t\t\t<div class=\"elementor-element elementor-element-0ba6e15 elementor-widget elementor-widget-text-editor\" data-id=\"0ba6e15\" data-element_type=\"widget\" data-e-type=\"widget\" data-widget_type=\"text-editor.default\">\n\t\t\t\t\t\t\t\t\t<p>Explore our selection of carefully prepared dishes to delight your taste buds. See our menu in a digital format. What are you waiting for with unique flavors and unforgettable experiences!<\/p>\t\t\t\t\t\t\t\t<\/div>\n\t\t\t\t<div class=\"elementor-element elementor-element-2bb740a elementor-align-center elementor-widget elementor-widget-button\" data-id=\"2bb740a\" data-element_type=\"widget\" data-e-type=\"widget\" data-widget_type=\"button.default\">\n\t\t\t\t\t\t\t\t\t\t<a class=\"elementor-button elementor-button-link elementor-size-sm\" href=\"\/wp-content\/uploads\/2025\/03\/Petra-Santa_Menu-DIGITAL.pdf\" target=\"_blank\">\n\t\t\t\t\t\t<span class=\"elementor-button-content-wrapper\">\n\t\t\t\t\t\t\t\t\t<span class=\"elementor-button-text\">Download the menu<\/span>\n\t\t\t\t\t<\/span>\n\t\t\t\t\t<\/a>\n\t\t\t\t\t\t\t\t<\/div>\n\t\t\t\t<div class=\"elementor-element elementor-element-62fd3ec elementor-widget-divider--view-line elementor-widget elementor-widget-divider\" data-id=\"62fd3ec\" data-element_type=\"widget\" data-e-type=\"widget\" data-widget_type=\"divider.default\">\n\t\t\t\t\t\t\t<div class=\"elementor-divider\">\n\t\t\t<span class=\"elementor-divider-separator\">\n\t\t\t\t\t\t<\/span>\n\t\t<\/div>\n\t\t\t\t\t\t<\/div>\n\t\t\t\t<\/div>\n\t\t\t\t\t<\/div>\n\t\t\t\t<\/div>\n\t\t<div class=\"elementor-element elementor-element-38fdef6 e-con-full e-flex e-con e-child\" data-id=\"38fdef6\" data-element_type=\"container\" data-e-type=\"container\">\n\t\t\t\t<div class=\"elementor-element elementor-element-8b78274 elementor-widget elementor-widget-shortcode\" data-id=\"8b78274\" data-element_type=\"widget\" data-e-type=\"widget\" data-widget_type=\"shortcode.default\">\n\t\t\t\t\t\t\t<div class=\"elementor-shortcode\"><div class=\"_df_thumb\" id=\"df_1014\"  _slug=\"1014\" data-title=\"carta-restaurante-hotel-petra-santa\" wpoptions=\"true\" thumb=\"https:\/\/hotelpetrasanta.com\/wp-content\/uploads\/2025\/04\/Petra-Santa_Menu-DIGITAL_pages-to-jpg-0001.webp\" thumbtype=\"\" >Menu restaurant Hotel Petra Santa<\/div><script class=\"df-shortcode-script\" nowprocket type=\"application\/javascript\">window.option_df_1014 = {\"outline\":[],\"height\":\"600\",\"autoEnableOutline\":\"false\",\"autoEnableThumbnail\":\"false\",\"overwritePDFOutline\":\"false\",\"enableDownload\":\"true\",\"direction\":\"1\",\"pageSize\":\"0\",\"maxTextureSize\":\"1024\",\"source\":\"https:\\\/\\\/hotelpetrasanta.com\\\/wp-content\\\/uploads\\\/2025\\\/03\\\/Petra-Santa_Menu-DIGITAL.pdf\",\"wpOptions\":\"true\"}; if(window.DFLIP && window.DFLIP.parseBooks){window.DFLIP.parseBooks();}<\/script><\/div>\n\t\t\t\t\t\t<\/div>\n\t\t\t\t<\/div>\n\t\t\t\t\t<\/div>\n\t\t\t\t<\/div>\n\t\t<div class=\"elementor-element elementor-element-090b0d7 e-flex e-con-boxed e-con e-parent\" data-id=\"090b0d7\" data-element_type=\"container\" data-e-type=\"container\">\n\t\t\t\t\t<div class=\"e-con-inner\">\n\t\t<div class=\"elementor-element elementor-element-dfd8010 e-con-full e-flex e-con e-child\" data-id=\"dfd8010\" data-element_type=\"container\" data-e-type=\"container\" data-settings=\"{&quot;background_background&quot;:&quot;classic&quot;}\">\n\t\t<div class=\"elementor-element elementor-element-feff005 e-con-full e-flex elementor-invisible e-con e-child\" data-id=\"feff005\" data-element_type=\"container\" data-e-type=\"container\" data-settings=\"{&quot;animation&quot;:&quot;fadeInLeft&quot;}\">\n\t\t\t\t<\/div>\n\t\t<div class=\"elementor-element elementor-element-6377728 e-con-full e-flex elementor-invisible e-con e-child\" data-id=\"6377728\" data-element_type=\"container\" data-e-type=\"container\" data-settings=\"{&quot;background_background&quot;:&quot;classic&quot;,&quot;animation&quot;:&quot;fadeInRight&quot;}\">\n\t\t\t\t<div class=\"elementor-element elementor-element-7528ab4 elementor-widget elementor-widget-heading\" data-id=\"7528ab4\" data-element_type=\"widget\" data-e-type=\"widget\" data-widget_type=\"heading.default\">\n\t\t\t\t\t<h3 class=\"elementor-heading-title elementor-size-default\">Tastes Delicious in a unique Environment<\/h3>\t\t\t\t<\/div>\n\t\t\t\t<div class=\"elementor-element elementor-element-8c130c9 elementor-widget elementor-widget-text-editor\" data-id=\"8c130c9\" data-element_type=\"widget\" data-e-type=\"widget\" data-widget_type=\"text-editor.default\">\n\t\t\t\t\t\t\t\t\t<p>Let yourself be surprised by the perfect fusion between gastronomy, nature and elegance. In our restaurant, each dish is a unique experience, prepared with the freshest ingredients and authentic flavours. Enjoy an exclusive environment while you indulge your sweet tooth with the best of local and international cuisine.<\/p>\t\t\t\t\t\t\t\t<\/div>\n\t\t\t\t<\/div>\n\t\t\t\t<\/div>\n\t\t\t\t\t<\/div>\n\t\t\t\t<\/div>\n\t\t\t\t<\/div>","protected":false},"excerpt":{"rendered":"<p>Ver la carta Reservar una mesa Descubre Nuestro Men\u00fa Explora nuestra selecci\u00f3n de platos cuidadosamente preparados para deleitar tu paladar. Consulta nuestro men\u00fa en formato digital. \u00a1Te esperamos con sabores \u00fanicos y experiencias inolvidables! Descargar la carta Sabores Exquisitos en un Entorno Inigualable D\u00e9jate sorprender por la fusi\u00f3n perfecta entre gastronom\u00eda, naturaleza y elegancia. En [&hellip;]<\/p>\n","protected":false},"author":1,"featured_media":1435,"parent":0,"menu_order":0,"comment_status":"closed","ping_status":"closed","template":"elementor_header_footer","meta":{"footnotes":""},"class_list":["post-701","page","type-page","status-publish","has-post-thumbnail","hentry"],"_links":{"self":[{"href":"https:\/\/hotelpetrasanta.com\/en\/wp-json\/wp\/v2\/pages\/701","targetHints":{"allow":["GET"]}}],"collection":[{"href":"https:\/\/hotelpetrasanta.com\/en\/wp-json\/wp\/v2\/pages"}],"about":[{"href":"https:\/\/hotelpetrasanta.com\/en\/wp-json\/wp\/v2\/types\/page"}],"author":[{"embeddable":true,"href":"https:\/\/hotelpetrasanta.com\/en\/wp-json\/wp\/v2\/users\/1"}],"replies":[{"embeddable":true,"href":"https:\/\/hotelpetrasanta.com\/en\/wp-json\/wp\/v2\/comments?post=701"}],"version-history":[{"count":150,"href":"https:\/\/hotelpetrasanta.com\/en\/wp-json\/wp\/v2\/pages\/701\/revisions"}],"predecessor-version":[{"id":3076,"href":"https:\/\/hotelpetrasanta.com\/en\/wp-json\/wp\/v2\/pages\/701\/revisions\/3076"}],"wp:featuredmedia":[{"embeddable":true,"href":"https:\/\/hotelpetrasanta.com\/en\/wp-json\/wp\/v2\/media\/1435"}],"wp:attachment":[{"href":"https:\/\/hotelpetrasanta.com\/en\/wp-json\/wp\/v2\/media?parent=701"}],"curies":[{"name":"wp","href":"https:\/\/api.w.org\/{rel}","templated":true}]}}