{"id":2490,"date":"2025-09-06T09:18:55","date_gmt":"2025-09-06T14:18:55","guid":{"rendered":"https:\/\/hotelpetrasanta.com\/?page_id=2490"},"modified":"2025-10-03T11:57:38","modified_gmt":"2025-10-03T16:57:38","slug":"spa","status":"publish","type":"page","link":"https:\/\/hotelpetrasanta.com\/en\/spa\/","title":{"rendered":"Spa"},"content":{"rendered":"<div data-elementor-type=\"wp-page\" data-elementor-id=\"2490\" class=\"elementor elementor-2490\" data-elementor-post-type=\"page\">\n\t\t\t\t<div class=\"elementor-element elementor-element-8a8e13d e-flex e-con-boxed e-con e-parent\" data-id=\"8a8e13d\" data-element_type=\"container\" data-e-type=\"container\" data-settings=\"{&quot;background_background&quot;:&quot;classic&quot;}\">\n\t\t\t\t\t<div class=\"e-con-inner\">\n\t\t<div class=\"elementor-element elementor-element-4ff10ae e-con-full e-flex elementor-invisible e-con e-child\" data-id=\"4ff10ae\" data-element_type=\"container\" data-e-type=\"container\" data-settings=\"{&quot;animation&quot;:&quot;fadeIn&quot;}\">\n\t\t\t\t<div class=\"elementor-element elementor-element-942ee6a elementor-widget elementor-widget-heading\" data-id=\"942ee6a\" data-element_type=\"widget\" data-e-type=\"widget\" data-widget_type=\"heading.default\">\n\t\t\t\t\t<h1 class=\"elementor-heading-title elementor-size-default\">Spa<\/h1>\t\t\t\t<\/div>\n\t\t<div class=\"elementor-element elementor-element-e40a547 e-con-full e-flex e-con e-child\" data-id=\"e40a547\" data-element_type=\"container\" data-e-type=\"container\">\n\t\t<div class=\"elementor-element elementor-element-e600352 e-con-full e-flex e-con e-child\" data-id=\"e600352\" data-element_type=\"container\" data-e-type=\"container\">\n\t\t\t\t<div class=\"elementor-element elementor-element-9baf61c elementor-widget elementor-widget-button\" data-id=\"9baf61c\" data-element_type=\"widget\" data-e-type=\"widget\" data-widget_type=\"button.default\">\n\t\t\t\t\t\t\t\t\t\t<a class=\"elementor-button elementor-button-link elementor-size-sm\" href=\"https:\/\/wa.me\/573142188618?text=Hola%2C%20quiero%20reservar%20un%20masaje.\">\n\t\t\t\t\t\t<span class=\"elementor-button-content-wrapper\">\n\t\t\t\t\t\t\t\t\t<span class=\"elementor-button-text\">Book a massage<\/span>\n\t\t\t\t\t<\/span>\n\t\t\t\t\t<\/a>\n\t\t\t\t\t\t\t\t<\/div>\n\t\t\t\t<\/div>\n\t\t\t\t<\/div>\n\t\t\t\t<\/div>\n\t\t\t\t\t<\/div>\n\t\t\t\t<\/div>\n\t\t<div class=\"elementor-element elementor-element-dba86ea e-flex e-con-boxed e-con e-parent\" data-id=\"dba86ea\" data-element_type=\"container\" data-e-type=\"container\">\n\t\t\t\t\t<div class=\"e-con-inner\">\n\t\t<div class=\"elementor-element elementor-element-932bcf8 e-con-full e-flex e-con e-child\" data-id=\"932bcf8\" data-element_type=\"container\" data-e-type=\"container\">\n\t\t<div class=\"elementor-element elementor-element-7b495ab e-flex e-con-boxed e-con e-child\" data-id=\"7b495ab\" data-element_type=\"container\" data-e-type=\"container\">\n\t\t\t\t\t<div class=\"e-con-inner\">\n\t\t<div class=\"elementor-element elementor-element-5f1a2c5 e-con-full e-flex e-con e-child\" data-id=\"5f1a2c5\" data-element_type=\"container\" data-e-type=\"container\">\n\t\t\t\t<div class=\"elementor-element elementor-element-5a49145 elementor-widget elementor-widget-heading\" data-id=\"5a49145\" data-element_type=\"widget\" data-e-type=\"widget\" data-widget_type=\"heading.default\">\n\t\t\t\t\t<h2 class=\"elementor-heading-title elementor-size-default\">EXPERIENCE PARTNER<\/h2>\t\t\t\t<\/div>\n\t\t\t\t<\/div>\n\t\t\t\t\t<\/div>\n\t\t\t\t<\/div>\n\t\t<div class=\"elementor-element elementor-element-365c963 e-con-full e-flex e-con e-child\" data-id=\"365c963\" data-element_type=\"container\" data-e-type=\"container\">\n\t\t<div class=\"elementor-element elementor-element-6cedc94 e-con-full e-grid e-con e-child\" data-id=\"6cedc94\" data-element_type=\"container\" data-e-type=\"container\">\n\t\t<div class=\"elementor-element elementor-element-2a44af8 e-con-full e-flex e-con e-child\" data-id=\"2a44af8\" data-element_type=\"container\" data-e-type=\"container\" data-settings=\"{&quot;background_background&quot;:&quot;classic&quot;}\">\n\t\t<div class=\"elementor-element elementor-element-92cb2d9 e-con-full e-flex e-con e-child\" data-id=\"92cb2d9\" data-element_type=\"container\" data-e-type=\"container\">\n\t\t\t\t<div class=\"elementor-element elementor-element-22a51bc elementor-widget elementor-widget-image\" data-id=\"22a51bc\" data-element_type=\"widget\" data-e-type=\"widget\" data-widget_type=\"image.default\">\n\t\t\t\t\t\t\t\t\t\t\t\t\t\t\t<img fetchpriority=\"high\" decoding=\"async\" width=\"800\" height=\"436\" src=\"https:\/\/hotelpetrasanta.com\/wp-content\/uploads\/2025\/10\/freepik__escena-de-un-masaje-en-pareja-bajo-un-kiosko-de-pa__19238.webp\" class=\"attachment-large size-large wp-image-3132\" alt=\"\" srcset=\"https:\/\/hotelpetrasanta.com\/wp-content\/uploads\/2025\/10\/freepik__escena-de-un-masaje-en-pareja-bajo-un-kiosko-de-pa__19238.webp 1000w, https:\/\/hotelpetrasanta.com\/wp-content\/uploads\/2025\/10\/freepik__escena-de-un-masaje-en-pareja-bajo-un-kiosko-de-pa__19238-300x164.webp 300w, https:\/\/hotelpetrasanta.com\/wp-content\/uploads\/2025\/10\/freepik__escena-de-un-masaje-en-pareja-bajo-un-kiosko-de-pa__19238-768x419.webp 768w, https:\/\/hotelpetrasanta.com\/wp-content\/uploads\/2025\/10\/freepik__escena-de-un-masaje-en-pareja-bajo-un-kiosko-de-pa__19238-18x10.webp 18w, https:\/\/hotelpetrasanta.com\/wp-content\/uploads\/2025\/10\/freepik__escena-de-un-masaje-en-pareja-bajo-un-kiosko-de-pa__19238-600x327.webp 600w\" sizes=\"(max-width: 800px) 100vw, 800px\" \/>\t\t\t\t\t\t\t\t\t\t\t\t\t\t\t<\/div>\n\t\t\t\t<div class=\"elementor-element elementor-element-d93ba5f elementor-align-start elementor-absolute elementor-icon-list--layout-traditional elementor-list-item-link-full_width elementor-widget elementor-widget-icon-list\" data-id=\"d93ba5f\" data-element_type=\"widget\" data-e-type=\"widget\" data-settings=\"{&quot;_position&quot;:&quot;absolute&quot;}\" data-widget_type=\"icon-list.default\">\n\t\t\t\t\t\t\t<ul class=\"elementor-icon-list-items\">\n\t\t\t\t\t\t\t<li class=\"elementor-icon-list-item\">\n\t\t\t\t\t\t\t\t\t\t\t<span class=\"elementor-icon-list-icon\">\n\t\t\t\t\t\t\t<svg aria-hidden=\"true\" class=\"e-font-icon-svg e-far-clock\" viewbox=\"0 0 512 512\" xmlns=\"http:\/\/www.w3.org\/2000\/svg\"><path d=\"M256 8C119 8 8 119 8 256s111 248 248 248 248-111 248-248S393 8 256 8zm0 448c-110.5 0-200-89.5-200-200S145.5 56 256 56s200 89.5 200 200-89.5 200-200 200zm61.8-104.4l-84.9-61.7c-3.1-2.3-4.9-5.9-4.9-9.7V116c0-6.6 5.4-12 12-12h32c6.6 0 12 5.4 12 12v141.7l66.8 48.6c5.4 3.9 6.5 11.4 2.6 16.8L334.6 349c-3.9 5.3-11.4 6.5-16.8 2.6z\"><\/path><\/svg>\t\t\t\t\t\t<\/span>\n\t\t\t\t\t\t\t\t\t\t<span class=\"elementor-icon-list-text\">1 hour<\/span>\n\t\t\t\t\t\t\t\t\t<\/li>\n\t\t\t\t\t\t<\/ul>\n\t\t\t\t\t\t<\/div>\n\t\t\t\t<\/div>\n\t\t<div class=\"elementor-element elementor-element-be6de85 e-con-full e-flex e-con e-child\" data-id=\"be6de85\" data-element_type=\"container\" data-e-type=\"container\">\n\t\t\t\t<div class=\"elementor-element elementor-element-2c7e6bb elementor-widget elementor-widget-heading\" data-id=\"2c7e6bb\" data-element_type=\"widget\" data-e-type=\"widget\" data-widget_type=\"heading.default\">\n\t\t\t\t\t<h3 class=\"elementor-heading-title elementor-size-default\">Traditional Massage<\/h3>\t\t\t\t<\/div>\n\t\t\t\t<div class=\"elementor-element elementor-element-55e8e39 elementor-widget elementor-widget-text-editor\" data-id=\"55e8e39\" data-element_type=\"widget\" data-e-type=\"widget\" data-widget_type=\"text-editor.default\">\n\t\t\t\t\t\t\t\t\t<p>Manual massage full body and craniofacial, good pressure alternated with maderoterapia and add-ons<\/p>\t\t\t\t\t\t\t\t<\/div>\n\t\t\t\t<\/div>\n\t\t\t\t<\/div>\n\t\t<div class=\"elementor-element elementor-element-aeb4bbb e-con-full e-flex e-con e-child\" data-id=\"aeb4bbb\" data-element_type=\"container\" data-e-type=\"container\" data-settings=\"{&quot;background_background&quot;:&quot;classic&quot;}\">\n\t\t<div class=\"elementor-element elementor-element-7f828d1 e-con-full e-flex e-con e-child\" data-id=\"7f828d1\" data-element_type=\"container\" data-e-type=\"container\">\n\t\t\t\t<div class=\"elementor-element elementor-element-8c5a1ab elementor-widget elementor-widget-image\" data-id=\"8c5a1ab\" data-element_type=\"widget\" data-e-type=\"widget\" data-widget_type=\"image.default\">\n\t\t\t\t\t\t\t\t\t\t\t\t\t\t\t<img decoding=\"async\" width=\"800\" height=\"436\" src=\"https:\/\/hotelpetrasanta.com\/wp-content\/uploads\/2025\/10\/freepik__escena-de-un-masaje-en-pareja-bajo-un-kiosko-de-pa__19239.webp\" class=\"attachment-large size-large wp-image-3133\" alt=\"\" srcset=\"https:\/\/hotelpetrasanta.com\/wp-content\/uploads\/2025\/10\/freepik__escena-de-un-masaje-en-pareja-bajo-un-kiosko-de-pa__19239.webp 1000w, https:\/\/hotelpetrasanta.com\/wp-content\/uploads\/2025\/10\/freepik__escena-de-un-masaje-en-pareja-bajo-un-kiosko-de-pa__19239-300x164.webp 300w, https:\/\/hotelpetrasanta.com\/wp-content\/uploads\/2025\/10\/freepik__escena-de-un-masaje-en-pareja-bajo-un-kiosko-de-pa__19239-768x419.webp 768w, https:\/\/hotelpetrasanta.com\/wp-content\/uploads\/2025\/10\/freepik__escena-de-un-masaje-en-pareja-bajo-un-kiosko-de-pa__19239-18x10.webp 18w, https:\/\/hotelpetrasanta.com\/wp-content\/uploads\/2025\/10\/freepik__escena-de-un-masaje-en-pareja-bajo-un-kiosko-de-pa__19239-600x327.webp 600w\" sizes=\"(max-width: 800px) 100vw, 800px\" \/>\t\t\t\t\t\t\t\t\t\t\t\t\t\t\t<\/div>\n\t\t\t\t<div class=\"elementor-element elementor-element-cb894c7 elementor-align-start elementor-absolute elementor-icon-list--layout-traditional elementor-list-item-link-full_width elementor-widget elementor-widget-icon-list\" data-id=\"cb894c7\" data-element_type=\"widget\" data-e-type=\"widget\" data-settings=\"{&quot;_position&quot;:&quot;absolute&quot;}\" data-widget_type=\"icon-list.default\">\n\t\t\t\t\t\t\t<ul class=\"elementor-icon-list-items\">\n\t\t\t\t\t\t\t<li class=\"elementor-icon-list-item\">\n\t\t\t\t\t\t\t\t\t\t\t<span class=\"elementor-icon-list-icon\">\n\t\t\t\t\t\t\t<svg aria-hidden=\"true\" class=\"e-font-icon-svg e-far-clock\" viewbox=\"0 0 512 512\" xmlns=\"http:\/\/www.w3.org\/2000\/svg\"><path d=\"M256 8C119 8 8 119 8 256s111 248 248 248 248-111 248-248S393 8 256 8zm0 448c-110.5 0-200-89.5-200-200S145.5 56 256 56s200 89.5 200 200-89.5 200-200 200zm61.8-104.4l-84.9-61.7c-3.1-2.3-4.9-5.9-4.9-9.7V116c0-6.6 5.4-12 12-12h32c6.6 0 12 5.4 12 12v141.7l66.8 48.6c5.4 3.9 6.5 11.4 2.6 16.8L334.6 349c-3.9 5.3-11.4 6.5-16.8 2.6z\"><\/path><\/svg>\t\t\t\t\t\t<\/span>\n\t\t\t\t\t\t\t\t\t\t<span class=\"elementor-icon-list-text\">1 hour 10 min<\/span>\n\t\t\t\t\t\t\t\t\t<\/li>\n\t\t\t\t\t\t<\/ul>\n\t\t\t\t\t\t<\/div>\n\t\t\t\t<\/div>\n\t\t<div class=\"elementor-element elementor-element-6f487e5 e-con-full e-flex e-con e-child\" data-id=\"6f487e5\" data-element_type=\"container\" data-e-type=\"container\">\n\t\t\t\t<div class=\"elementor-element elementor-element-9ee6d07 elementor-widget elementor-widget-heading\" data-id=\"9ee6d07\" data-element_type=\"widget\" data-e-type=\"widget\" data-widget_type=\"heading.default\">\n\t\t\t\t\t<h3 class=\"elementor-heading-title elementor-size-default\">Massage-Infused oils<\/h3>\t\t\t\t<\/div>\n\t\t\t\t<div class=\"elementor-element elementor-element-9e1c42d elementor-widget elementor-widget-text-editor\" data-id=\"9e1c42d\" data-element_type=\"widget\" data-e-type=\"widget\" data-widget_type=\"text-editor.default\">\n\t\t\t\t\t\t\t\t\t<p>Fine oils that melt in the heat, manual therapy, full body, craniofacial, good pressure and add-ons<\/p>\t\t\t\t\t\t\t\t<\/div>\n\t\t\t\t<\/div>\n\t\t\t\t<\/div>\n\t\t<div class=\"elementor-element elementor-element-dbd7305 e-con-full e-flex e-con e-child\" data-id=\"dbd7305\" data-element_type=\"container\" data-e-type=\"container\" data-settings=\"{&quot;background_background&quot;:&quot;classic&quot;}\">\n\t\t<div class=\"elementor-element elementor-element-85b7287 e-con-full e-flex e-con e-child\" data-id=\"85b7287\" data-element_type=\"container\" data-e-type=\"container\">\n\t\t\t\t<div class=\"elementor-element elementor-element-840c6db elementor-widget elementor-widget-image\" data-id=\"840c6db\" data-element_type=\"widget\" data-e-type=\"widget\" data-widget_type=\"image.default\">\n\t\t\t\t\t\t\t\t\t\t\t\t\t\t\t<img decoding=\"async\" width=\"800\" height=\"436\" src=\"https:\/\/hotelpetrasanta.com\/wp-content\/uploads\/2025\/10\/freepik__escena-de-un-masaje-en-pareja-bajo-un-kiosko-de-pa__19240.webp\" class=\"attachment-large size-large wp-image-3134\" alt=\"\" srcset=\"https:\/\/hotelpetrasanta.com\/wp-content\/uploads\/2025\/10\/freepik__escena-de-un-masaje-en-pareja-bajo-un-kiosko-de-pa__19240.webp 1000w, https:\/\/hotelpetrasanta.com\/wp-content\/uploads\/2025\/10\/freepik__escena-de-un-masaje-en-pareja-bajo-un-kiosko-de-pa__19240-300x164.webp 300w, https:\/\/hotelpetrasanta.com\/wp-content\/uploads\/2025\/10\/freepik__escena-de-un-masaje-en-pareja-bajo-un-kiosko-de-pa__19240-768x419.webp 768w, https:\/\/hotelpetrasanta.com\/wp-content\/uploads\/2025\/10\/freepik__escena-de-un-masaje-en-pareja-bajo-un-kiosko-de-pa__19240-18x10.webp 18w, https:\/\/hotelpetrasanta.com\/wp-content\/uploads\/2025\/10\/freepik__escena-de-un-masaje-en-pareja-bajo-un-kiosko-de-pa__19240-600x327.webp 600w\" sizes=\"(max-width: 800px) 100vw, 800px\" \/>\t\t\t\t\t\t\t\t\t\t\t\t\t\t\t<\/div>\n\t\t\t\t<div class=\"elementor-element elementor-element-a040e74 elementor-align-start elementor-absolute elementor-icon-list--layout-traditional elementor-list-item-link-full_width elementor-widget elementor-widget-icon-list\" data-id=\"a040e74\" data-element_type=\"widget\" data-e-type=\"widget\" data-settings=\"{&quot;_position&quot;:&quot;absolute&quot;}\" data-widget_type=\"icon-list.default\">\n\t\t\t\t\t\t\t<ul class=\"elementor-icon-list-items\">\n\t\t\t\t\t\t\t<li class=\"elementor-icon-list-item\">\n\t\t\t\t\t\t\t\t\t\t\t<span class=\"elementor-icon-list-icon\">\n\t\t\t\t\t\t\t<svg aria-hidden=\"true\" class=\"e-font-icon-svg e-far-clock\" viewbox=\"0 0 512 512\" xmlns=\"http:\/\/www.w3.org\/2000\/svg\"><path d=\"M256 8C119 8 8 119 8 256s111 248 248 248 248-111 248-248S393 8 256 8zm0 448c-110.5 0-200-89.5-200-200S145.5 56 256 56s200 89.5 200 200-89.5 200-200 200zm61.8-104.4l-84.9-61.7c-3.1-2.3-4.9-5.9-4.9-9.7V116c0-6.6 5.4-12 12-12h32c6.6 0 12 5.4 12 12v141.7l66.8 48.6c5.4 3.9 6.5 11.4 2.6 16.8L334.6 349c-3.9 5.3-11.4 6.5-16.8 2.6z\"><\/path><\/svg>\t\t\t\t\t\t<\/span>\n\t\t\t\t\t\t\t\t\t\t<span class=\"elementor-icon-list-text\">1 hour 20 min<\/span>\n\t\t\t\t\t\t\t\t\t<\/li>\n\t\t\t\t\t\t<\/ul>\n\t\t\t\t\t\t<\/div>\n\t\t\t\t<\/div>\n\t\t<div class=\"elementor-element elementor-element-79b742b e-con-full e-flex e-con e-child\" data-id=\"79b742b\" data-element_type=\"container\" data-e-type=\"container\">\n\t\t\t\t<div class=\"elementor-element elementor-element-d60c1e1 elementor-widget elementor-widget-heading\" data-id=\"d60c1e1\" data-element_type=\"widget\" data-e-type=\"widget\" data-widget_type=\"heading.default\">\n\t\t\t\t\t<h3 class=\"elementor-heading-title elementor-size-default\">Stone Massage<\/h3>\t\t\t\t<\/div>\n\t\t\t\t<div class=\"elementor-element elementor-element-c8ed56c elementor-widget elementor-widget-text-editor\" data-id=\"c8ed56c\" data-element_type=\"widget\" data-e-type=\"widget\" data-widget_type=\"text-editor.default\">\n\t\t\t\t\t\t\t\t\t<p>Volcanic stones heated by steam, manual therapy, full body, craniofacial, good pressure and add-ons<\/p>\t\t\t\t\t\t\t\t<\/div>\n\t\t\t\t<\/div>\n\t\t\t\t<\/div>\n\t\t<div class=\"elementor-element elementor-element-f294616 e-con-full e-flex e-con e-child\" data-id=\"f294616\" data-element_type=\"container\" data-e-type=\"container\" data-settings=\"{&quot;background_background&quot;:&quot;classic&quot;}\">\n\t\t<div class=\"elementor-element elementor-element-cda67f0 e-con-full e-flex e-con e-child\" data-id=\"cda67f0\" data-element_type=\"container\" data-e-type=\"container\">\n\t\t\t\t<div class=\"elementor-element elementor-element-b459731 elementor-widget elementor-widget-image\" data-id=\"b459731\" data-element_type=\"widget\" data-e-type=\"widget\" data-widget_type=\"image.default\">\n\t\t\t\t\t\t\t\t\t\t\t\t\t\t\t<img loading=\"lazy\" decoding=\"async\" width=\"800\" height=\"436\" src=\"https:\/\/hotelpetrasanta.com\/wp-content\/uploads\/2025\/10\/freepik__escena-de-un-masaje-en-pareja-bajo-un-kiosko-de-pa__19242.webp\" class=\"attachment-large size-large wp-image-3135\" alt=\"\" srcset=\"https:\/\/hotelpetrasanta.com\/wp-content\/uploads\/2025\/10\/freepik__escena-de-un-masaje-en-pareja-bajo-un-kiosko-de-pa__19242.webp 1000w, https:\/\/hotelpetrasanta.com\/wp-content\/uploads\/2025\/10\/freepik__escena-de-un-masaje-en-pareja-bajo-un-kiosko-de-pa__19242-300x164.webp 300w, https:\/\/hotelpetrasanta.com\/wp-content\/uploads\/2025\/10\/freepik__escena-de-un-masaje-en-pareja-bajo-un-kiosko-de-pa__19242-768x419.webp 768w, https:\/\/hotelpetrasanta.com\/wp-content\/uploads\/2025\/10\/freepik__escena-de-un-masaje-en-pareja-bajo-un-kiosko-de-pa__19242-18x10.webp 18w, https:\/\/hotelpetrasanta.com\/wp-content\/uploads\/2025\/10\/freepik__escena-de-un-masaje-en-pareja-bajo-un-kiosko-de-pa__19242-600x327.webp 600w\" sizes=\"(max-width: 800px) 100vw, 800px\" \/>\t\t\t\t\t\t\t\t\t\t\t\t\t\t\t<\/div>\n\t\t\t\t<div class=\"elementor-element elementor-element-6f05722 elementor-align-start elementor-absolute elementor-icon-list--layout-traditional elementor-list-item-link-full_width elementor-widget elementor-widget-icon-list\" data-id=\"6f05722\" data-element_type=\"widget\" data-e-type=\"widget\" data-settings=\"{&quot;_position&quot;:&quot;absolute&quot;}\" data-widget_type=\"icon-list.default\">\n\t\t\t\t\t\t\t<ul class=\"elementor-icon-list-items\">\n\t\t\t\t\t\t\t<li class=\"elementor-icon-list-item\">\n\t\t\t\t\t\t\t\t\t\t\t<span class=\"elementor-icon-list-icon\">\n\t\t\t\t\t\t\t<svg aria-hidden=\"true\" class=\"e-font-icon-svg e-far-clock\" viewbox=\"0 0 512 512\" xmlns=\"http:\/\/www.w3.org\/2000\/svg\"><path d=\"M256 8C119 8 8 119 8 256s111 248 248 248 248-111 248-248S393 8 256 8zm0 448c-110.5 0-200-89.5-200-200S145.5 56 256 56s200 89.5 200 200-89.5 200-200 200zm61.8-104.4l-84.9-61.7c-3.1-2.3-4.9-5.9-4.9-9.7V116c0-6.6 5.4-12 12-12h32c6.6 0 12 5.4 12 12v141.7l66.8 48.6c5.4 3.9 6.5 11.4 2.6 16.8L334.6 349c-3.9 5.3-11.4 6.5-16.8 2.6z\"><\/path><\/svg>\t\t\t\t\t\t<\/span>\n\t\t\t\t\t\t\t\t\t\t<span class=\"elementor-icon-list-text\">1 hour 20 min<\/span>\n\t\t\t\t\t\t\t\t\t<\/li>\n\t\t\t\t\t\t<\/ul>\n\t\t\t\t\t\t<\/div>\n\t\t\t\t<\/div>\n\t\t<div class=\"elementor-element elementor-element-7bcc914 e-con-full e-flex e-con e-child\" data-id=\"7bcc914\" data-element_type=\"container\" data-e-type=\"container\">\n\t\t\t\t<div class=\"elementor-element elementor-element-c35341a elementor-widget elementor-widget-heading\" data-id=\"c35341a\" data-element_type=\"widget\" data-e-type=\"widget\" data-widget_type=\"heading.default\">\n\t\t\t\t\t<h3 class=\"elementor-heading-title elementor-size-default\">Hindu Massage<\/h3>\t\t\t\t<\/div>\n\t\t\t\t<div class=\"elementor-element elementor-element-7120159 elementor-widget elementor-widget-text-editor\" data-id=\"7120159\" data-element_type=\"widget\" data-e-type=\"widget\" data-widget_type=\"text-editor.default\">\n\t\t\t\t\t\t\t\t\t<p>Technical indian with pandas herbal heated to steam, which will provide hydration and detoxification to the skin.<\/p>\t\t\t\t\t\t\t\t<\/div>\n\t\t\t\t<div class=\"elementor-element elementor-element-952df08 elementor-widget elementor-widget-text-editor\" data-id=\"952df08\" data-element_type=\"widget\" data-e-type=\"widget\" data-widget_type=\"text-editor.default\">\n\t\t\t\t\t\t\t\t\t<p>Aromatherapy from natural herbs, manual therapy, full body, craniofacial, good pressure and add-ons<\/p>\t\t\t\t\t\t\t\t<\/div>\n\t\t\t\t<\/div>\n\t\t\t\t<\/div>\n\t\t\t\t<\/div>\n\t\t\t\t<\/div>\n\t\t\t\t<\/div>\n\t\t\t\t\t<\/div>\n\t\t\t\t<\/div>\n\t\t\t\t<\/div>","protected":false},"excerpt":{"rendered":"<p>Reservar un masaje EXPERIENCIA PAREJA 1 hora Masaje Tradicional Masaje manual cuerpo completo y craneofacial, buena presi\u00f3n alternado con maderoterapia y complementos 1 hora 10 min Masaje Infusi\u00f3n de aceites Finos aceites que se funden al calor, terapia manual cuerpo completo, craneofacial, buena presi\u00f3n y complementos 1 hora 20 min Masaje Geotermal Piedras volc\u00e1nicas calentadas [&hellip;]<\/p>\n","protected":false},"author":1,"featured_media":1435,"parent":0,"menu_order":0,"comment_status":"closed","ping_status":"closed","template":"elementor_header_footer","meta":{"footnotes":""},"class_list":["post-2490","page","type-page","status-publish","has-post-thumbnail","hentry"],"_links":{"self":[{"href":"https:\/\/hotelpetrasanta.com\/en\/wp-json\/wp\/v2\/pages\/2490","targetHints":{"allow":["GET"]}}],"collection":[{"href":"https:\/\/hotelpetrasanta.com\/en\/wp-json\/wp\/v2\/pages"}],"about":[{"href":"https:\/\/hotelpetrasanta.com\/en\/wp-json\/wp\/v2\/types\/page"}],"author":[{"embeddable":true,"href":"https:\/\/hotelpetrasanta.com\/en\/wp-json\/wp\/v2\/users\/1"}],"replies":[{"embeddable":true,"href":"https:\/\/hotelpetrasanta.com\/en\/wp-json\/wp\/v2\/comments?post=2490"}],"version-history":[{"count":70,"href":"https:\/\/hotelpetrasanta.com\/en\/wp-json\/wp\/v2\/pages\/2490\/revisions"}],"predecessor-version":[{"id":3138,"href":"https:\/\/hotelpetrasanta.com\/en\/wp-json\/wp\/v2\/pages\/2490\/revisions\/3138"}],"wp:featuredmedia":[{"embeddable":true,"href":"https:\/\/hotelpetrasanta.com\/en\/wp-json\/wp\/v2\/media\/1435"}],"wp:attachment":[{"href":"https:\/\/hotelpetrasanta.com\/en\/wp-json\/wp\/v2\/media?parent=2490"}],"curies":[{"name":"wp","href":"https:\/\/api.w.org\/{rel}","templated":true}]}}